{"id":604,"date":"2021-09-27T08:47:54","date_gmt":"2021-09-27T08:47:54","guid":{"rendered":"https:\/\/www.ecofeixes.com\/inici\/"},"modified":"2022-10-28T08:25:02","modified_gmt":"2022-10-28T08:25:02","slug":"inici","status":"publish","type":"page","link":"https:\/\/www.ecofeixes.com\/ca\/","title":{"rendered":"Inici"},"content":{"rendered":"<div>\n<p>    <img decoding=\"async\" src=\"\/wp-content\/uploads\/2021\/09\/Cistella-mostra-II-scaled.jpg\" alt=\"Ecofeixes\"><\/p>\n<h1>Ecofeixes<\/h1>\n<p>La teva cooperativa ecol\u00f2gica a Eivissa<\/p>\n<p><a href=\"https:\/\/www.ecofeixes.com\/ca\/botiga\/\">Botiga online<\/a><\/p>\n<\/div>\n<p><img decoding=\"async\" src=\"\/wp-content\/uploads\/2021\/10\/imagotipo-ecofeixes.svg\" alt=\"\"><\/p>\n<div><span>Ecofeixes<\/span><span>\u00a0\u00e9s la cooperativa de productors ecol\u00f2gics d&#8217;Eivissa. Som 14 finques repartides per tota l&#8217;illa que creguem aquest projecte en 2013 per a promoure l&#8217;oferta de producte ecol\u00f2gic local i millorar el seu acc\u00e9s.<\/span><\/p>\n<p><span>Estem compromesos al 100% amb la sostenibilitat ambiental i econ\u00f2mica d&#8217;Eivissa.<\/span><\/div>\n<ul>\n<li>\n<p>        <img decoding=\"async\" src=\"\/wp-content\/uploads\/2021\/10\/economia-local-1.svg\" alt=\"\"><\/p>\n<h3> Desenvolupament de l&#8217;economia local<\/h3>\n<\/li>\n<li>\n<p>        <img decoding=\"async\" src=\"\/wp-content\/uploads\/2021\/10\/conservqcion-paisaje-1.svg\" alt=\"\"><\/p>\n<h3>Conservaci\u00f3 del paisatge patrimoni<\/h3>\n<\/li>\n<li>\n<p>        <img decoding=\"async\" src=\"\/wp-content\/uploads\/2021\/10\/bio-agrodiversidad-1.svg\" alt=\"\"><\/p>\n<h3> Manteniment de la <br \/>bio-agrodiversitat<\/h3>\n<\/li>\n<li>\n<p>        <img decoding=\"async\" src=\"\/wp-content\/uploads\/2021\/10\/CO2-2.svg\" alt=\"\"><\/p>\n<h3> Reducci\u00f3 de l&#8217;emissi\u00f3 de CO\u2082<\/h3>\n<\/li>\n<\/ul>\n<div>\n<\/div>\n<p>\n    <a href=\"https:\/\/www.ecofeixes.com\/ca\/botiga\/\">Veure tots els productes<\/a>\n<\/p>\n<h1>Visi\u00f3<\/h1>\n<h1><span>El nostre prop\u00f2sit \u00e9s que totes les terres de cultiu de l&#8217;illa siguin\u00a0<\/span><span>conreades<\/span><span>\u00a0de manera ecol\u00f2gica i que tots els residents de l&#8217;illa tinguin acc\u00e9s a aliments saludables i sostenibles.<\/span><\/h1>\n<h3><span>Tel\u00e8fon<\/span><\/h3>\n<div>\n<p>+34 971 93 21 76<\/p>\n<\/div>\n<h3>Email<\/h3>\n<div>\n<p>info@ecofeixes.com<\/p>\n<\/div>\n<div>\n<p>Carrer de sa Blanca Dona, 24, 07800 Blanca Dona, Illes Balears<\/p>\n<\/div>\n<div>\n<p>38.9257,1.4321<\/p>\n<h3>Ecofeixes<\/h3>\n<div>\n<p>Carrer de sa Blanca Dona, 24, 07800 Blanca Dona, Illes Balears<\/p>\n<\/div>\n<\/div>\n<ul>\n<li>\n        <a href=\"https:\/\/www.instagram.com\/\">Segueix-nos a Instagram<\/a>\n    <\/li>\n<li>\n        <a href=\"https:\/\/www.facebook.com\/Ecofeixes\">Segueix-nos a Facebook<\/a>\n    <\/li>\n<\/ul>\n<div>\n<p>    <script src=\"https:\/\/apps.elfsight.com\/p\/platform.js\" defer><\/script><\/p>\n<div class=\"elfsight-app-eda538d3-2bda-4af5-a933-9dac4965dc26\"><\/div>\n<\/div>\n<ul>\n<li>\n<p>        <img decoding=\"async\" src=\"\/wp-content\/uploads\/2021\/10\/mobile-1.svg\" alt=\"\"><\/p>\n<h3>M\u00f2bil<\/h3>\n<div>\n<div class=\"traductor-textarea form-group\">\n<div class=\"textarea-desti col-xs-12 col-sm-6\">\n<div class=\"form-control second-textarea\">Dilluns a divendres de<span>\u00a0<\/span><span>7h<\/span><span>\u00a0<\/span>a<span>\u00a0<\/span><span>15h<\/span><span>\u00a0<\/span>i dissabtes de<span>\u00a0<\/span><span>8h<\/span><span>\u00a0<\/span>a<span>\u00a0<\/span><span>13h<\/span><\/div>\n<\/div>\n<\/div>\n<div class=\"traductor-checkbox form-group\">\n<div class=\"row\">\n<div class=\"col-sm-offset-2 col-sm-5\"><\/div>\n<\/div>\n<\/div>\n<\/div>\n<\/li>\n<li>\n<p>        <img decoding=\"async\" src=\"\/wp-content\/uploads\/2021\/10\/venta-directa-1.svg\" alt=\"\"><\/p>\n<h3>Venda directa<\/h3>\n<div>\n<div class=\"traductor-textarea form-group\">\n<div class=\"textarea-desti col-xs-12 col-sm-6\">\n<div class=\"form-control second-textarea\">Dimecres de<span>\u00a0<\/span><span>16h<\/span><span>\u00a0<\/span>a 20:<span>30h<\/span><span>\u00a0<\/span>i dijous de<span>\u00a0<\/span><span>10h<\/span><span>\u00a0<\/span>a<span>\u00a0<\/span><span>13h<\/span>.<\/div>\n<\/div>\n<\/div>\n<\/div>\n<\/li>\n<\/ul>\n<p><!--more--><br \/>\n<!-- {\"name\":\"Home\",\"type\":\"layout\",\"children\":[{\"name\":\"Hero\",\"type\":\"section\",\"props\":{\"style\":\"default\",\"width\":\"\",\"vertical_align\":\"middle\",\"title_position\":\"top-left\",\"title_rotation\":\"left\",\"title_breakpoint\":\"xl\",\"image_position\":\"center-center\",\"padding\":\"none\",\"animation_delay\":false},\"children\":[{\"name\":\"\",\"type\":\"row\",\"children\":[{\"name\":\"\",\"type\":\"column\",\"props\":{\"image_position\":\"center-center\",\"media_overlay_gradient\":\"\",\"width_medium\":\"1-1\",\"position_sticky_breakpoint\":\"m\"},\"children\":[{\"name\":\"\",\"type\":\"slideshow\",\"props\":{\"show_title\":true,\"show_meta\":true,\"show_content\":true,\"show_link\":true,\"show_thumbnail\":true,\"slideshow_min_height\":\"600\",\"slideshow_autoplay_pause\":true,\"nav\":\"dotnav\",\"nav_position\":\"bottom-center\",\"nav_position_margin\":\"medium\",\"nav_align\":\"center\",\"nav_breakpoint\":\"\",\"thumbnav_width\":\"100\",\"thumbnav_height\":\"75\",\"slidenav\":\"default\",\"slidenav_margin\":\"medium\",\"slidenav_breakpoint\":\"m\",\"overlay_position\":\"center\",\"overlay_animation\":\"parallax\",\"title_element\":\"h1\",\"meta_style\":\"h5\",\"meta_align\":\"above-title\",\"link_text\":\"View House\",\"link_style\":\"secondary\",\"margin\":\"default\",\"slideshow_height\":\"\",\"text_color\":\"light\",\"slideshow_animation\":\"\",\"overlay_container\":\"default\",\"overlay_width\":\"xlarge\",\"title_style\":\"heading-large\",\"text_align\":\"center\",\"text_align_fallback\":\"center\",\"slideshow_autoplay\":false,\"slideshow_velocity\":0.6,\"slidenav_outside_breakpoint\":\"xl\",\"image_width\":\"2560\",\"thumbnav_svg_color\":\"emphasis\",\"meta_element\":\"div\",\"slidenav_hover\":true,\"slideshow_ratio\":\"16:7\",\"slideshow_max_height\":\"840\",\"animation\":\"fade\",\"image_height\":\"1200\",\"title_font_family\":\"tertiary\",\"title_parallax_x\":\"-200,0,200\",\"title_parallax_opacity\":\"0,1,1\",\"meta_parallax_y\":\"-50,0,0\",\"meta_parallax_opacity\":\"0,1,1\",\"link_parallax_y\":\"50,0,0\",\"link_parallax_opacity\":\"0,1,1\"},\"children\":[{\"type\":\"slideshow_item\",\"props\":{\"link_text\":\"Botiga online\",\"image\":\"wp-content\\\/uploads\\\/2021\\\/09\\\/Cistella-mostra-II-scaled.jpg\",\"link\":\"ca\\\/botiga\\\/\",\"meta\":\"La teva cooperativa ecol\\u00f2gica a Eivissa\",\"title\":\"Ecofeixes\",\"image_alt\":\"Ecofeixes\",\"media_overlay\":\"rgba(0, 0, 0, 0.24)\"}}]}]}]}]},{\"name\":\"About\",\"type\":\"section\",\"props\":{\"style\":\"default\",\"width\":\"large\",\"vertical_align\":\"middle\",\"title_position\":\"top-left\",\"title_rotation\":\"left\",\"title_breakpoint\":\"xl\",\"image_position\":\"bottom-left\",\"padding\":\"large\",\"padding_remove_top\":false,\"animation_delay\":false,\"image\":\"wp-content\\\/uploads\\\/2021\\\/10\\\/verduras-2.png\",\"image_effect\":\"parallax\",\"image_width\":\"240\",\"image_parallax_bgy\":\"0,-110\",\"image_parallax_easing\":\"1\",\"media_visibility\":\"l\"},\"children\":[{\"name\":\"\",\"type\":\"row\",\"props\":{\"margin\":\"large\"},\"children\":[{\"name\":\"\",\"type\":\"column\",\"props\":{\"image_position\":\"center-center\",\"media_overlay_gradient\":\"\",\"width_medium\":\"1-1\",\"position_sticky_breakpoint\":\"m\"},\"children\":[{\"type\":\"image\",\"props\":{\"margin\":\"default\",\"image_svg_color\":\"emphasis\",\"image\":\"wp-content\\\/uploads\\\/2021\\\/10\\\/imagotipo-ecofeixes.svg\",\"image_width\":\"80\",\"image_height\":\"80\",\"text_align\":\"center\"}},{\"name\":\"\",\"type\":\"headline\",\"props\":{\"title_element\":\"div\",\"text_align\":\"center\",\"animation\":\"parallax\",\"content\":\"<span>Ecofeixes<\\\/span><span>\\u00a0\\u00e9s la cooperativa de productors ecol\\u00f2gics d'Eivissa. Som 14 finques repartides per tota l'illa que creguem aquest projecte en 2013 per a promoure l'oferta de producte ecol\\u00f2gic local i millorar el seu acc\\u00e9s.<\\\/span><br \\\/><br \\\/><span>Estem compromesos al 100% amb la sostenibilitat ambiental i econ\\u00f2mica d'Eivissa.<\\\/span>\",\"link\":\"\",\"parallax_breakpoint\":\"m\",\"parallax_end\":\"90vh + 90%\",\"parallax_y\":\"15,0\",\"parallax_opacity\":\"0.3,1\",\"parallax_easing\":\"1\",\"title_style\":\"h3\",\"maxwidth\":\"2xlarge\",\"block_align\":\"center\"}}]}]},{\"type\":\"row\",\"children\":[{\"type\":\"column\",\"props\":{\"image_position\":\"center-center\",\"media_overlay_gradient\":\"\",\"position_sticky_breakpoint\":\"m\"},\"children\":[{\"type\":\"grid\",\"props\":{\"show_title\":true,\"show_meta\":true,\"show_content\":true,\"show_image\":true,\"show_link\":true,\"grid_default\":\"1\",\"grid_medium\":\"4\",\"filter_style\":\"tab\",\"filter_all\":true,\"filter_position\":\"top\",\"filter_align\":\"left\",\"filter_grid_width\":\"auto\",\"filter_grid_breakpoint\":\"m\",\"title_hover_style\":\"reset\",\"title_element\":\"h3\",\"title_align\":\"top\",\"title_grid_width\":\"1-2\",\"title_grid_breakpoint\":\"m\",\"meta_style\":\"text-meta\",\"meta_align\":\"above-title\",\"image_align\":\"top\",\"image_grid_width\":\"1-2\",\"image_grid_breakpoint\":\"m\",\"image_svg_color\":\"secondary\",\"link_text\":\"Read more\",\"link_style\":\"default\",\"margin\":\"large\",\"item_animation\":true,\"grid_column_gap\":\"large\",\"grid_row_gap\":\"large\",\"item_maxwidth\":\"medium\",\"title_style\":\"h3\",\"title_margin\":\"small\",\"text_align\":\"center\",\"grid_divider\":true,\"image_svg_inline\":true,\"icon_width\":80,\"meta_element\":\"div\",\"content_column_breakpoint\":\"m\",\"image_width\":\"125\",\"image_height\":\"125\",\"image_svg_animate\":true,\"parallax_easing\":\"1\"},\"children\":[{\"type\":\"grid_item\",\"props\":{\"title\":\" Desenvolupament de l'economia local\",\"content\":\"\",\"image\":\"wp-content\\\/uploads\\\/2021\\\/10\\\/economia-local-1.svg\",\"meta\":\"\"}},{\"type\":\"grid_item\",\"props\":{\"title\":\"Conservaci\\u00f3 del paisatge patrimoni\",\"content\":\"\",\"image\":\"wp-content\\\/uploads\\\/2021\\\/10\\\/conservqcion-paisaje-1.svg\",\"meta\":\"\"}},{\"type\":\"grid_item\",\"props\":{\"title\":\" Manteniment de la <br \/>bio-agrodiversitat\",\"content\":\"\",\"image\":\"wp-content\\\/uploads\\\/2021\\\/10\\\/bio-agrodiversidad-1.svg\",\"meta\":\"\"}},{\"type\":\"grid_item\",\"props\":{\"title\":\" Reducci\\u00f3 de l'emissi\\u00f3 de CO\\u2082\",\"content\":\"\",\"image\":\"wp-content\\\/uploads\\\/2021\\\/10\\\/CO2-2.svg\",\"meta\":\"\"}}]}]}]}]},{\"type\":\"section\",\"props\":{\"style\":\"default\",\"width\":\"xlarge\",\"vertical_align\":\"middle\",\"title_position\":\"top-left\",\"title_rotation\":\"left\",\"title_breakpoint\":\"xl\",\"image_position\":\"top-left\",\"image\":\"\",\"image_width\":\"250\",\"image_effect\":\"parallax\",\"image_parallax_bgy\":\"-36',160\",\"image_parallax_easing\":\"1\"},\"children\":[{\"type\":\"row\",\"children\":[{\"type\":\"column\",\"props\":{\"image_position\":\"center-center\",\"media_overlay_gradient\":\"\",\"position_sticky_breakpoint\":\"m\"},\"children\":[{\"type\":\"grid\",\"props\":{\"show_title\":true,\"show_meta\":true,\"show_content\":true,\"show_image\":true,\"show_link\":true,\"grid_default\":\"1\",\"grid_medium\":\"4\",\"filter_style\":\"tab\",\"filter_all\":true,\"filter_position\":\"top\",\"filter_align\":\"left\",\"filter_grid_width\":\"auto\",\"filter_grid_breakpoint\":\"m\",\"title_hover_style\":\"reset\",\"title_element\":\"h3\",\"title_align\":\"top\",\"title_grid_width\":\"1-2\",\"title_grid_breakpoint\":\"m\",\"meta_style\":\"text-meta\",\"meta_align\":\"below-title\",\"meta_element\":\"div\",\"content_column_breakpoint\":\"m\",\"icon_width\":80,\"image_align\":\"top\",\"image_grid_width\":\"1-2\",\"image_grid_breakpoint\":\"m\",\"image_svg_color\":\"emphasis\",\"link_text\":\"Read more\",\"link_style\":\"default\",\"margin\":\"default\",\"item_animation\":true,\"image_width\":\"600\",\"image_height\":\"600\"},\"children\":[{\"type\":\"grid_item\",\"source\":{\"query\":{\"name\":\"products.customProducts\",\"arguments\":{\"terms\":[19,17,22,21,18,20,23],\"product_cat_operator\":\"IN\",\"product_tag_operator\":\"IN\",\"product_visibility_operator\":\"IN\",\"users\":[],\"users_operator\":\"IN\",\"offset\":0,\"limit\":8,\"order\":\"date\",\"order_direction\":\"DESC\",\"order_alphanum\":false}},\"props\":{\"title\":{\"filters\":{\"search\":\"\"},\"name\":\"title\"},\"image\":{\"filters\":{\"search\":\"\"},\"name\":\"featuredImage.url\"},\"image_alt\":{\"filters\":{\"search\":\"\"},\"name\":\"title\"}}}}]},{\"type\":\"button\",\"props\":{\"grid_column_gap\":\"small\",\"grid_row_gap\":\"small\",\"margin\":\"large\",\"text_align\":\"center\"},\"children\":[{\"type\":\"button_item\",\"props\":{\"button_style\":\"primary\",\"icon_align\":\"left\",\"content\":\"Veure tots els productes\",\"link\":\"ca\\\/botiga\\\/\"}}]}]}]}]},{\"name\":\"Image\",\"type\":\"section\",\"props\":{\"style\":\"default\",\"width\":\"default\",\"image_position\":\"center-center\",\"image\":\"wp-content\\\/uploads\\\/2021\\\/10\\\/huerta.jpg\",\"image_size\":\"cover\",\"image_fixed\":true,\"css\":\".el-section > [class*='uk-background-'] { min-height: 50vh; }\",\"vertical_align\":\"middle\",\"title_position\":\"top-left\",\"title_rotation\":\"left\",\"title_breakpoint\":\"xl\",\"image_width\":\"1920\",\"image_effect\":\"fixed\",\"media_overlay\":\"rgba(0, 0, 0, 0.27)\",\"header_transparent\":\"light\"},\"children\":[{\"type\":\"row\",\"children\":[{\"type\":\"column\",\"props\":{\"image_position\":\"center-center\",\"media_overlay_gradient\":\"\",\"width_medium\":\"\",\"vertical_align\":\"middle\",\"text_color\":\"light\",\"position_sticky_breakpoint\":\"m\"},\"children\":[{\"type\":\"headline\",\"props\":{\"title_element\":\"h1\",\"content\":\"Visi\\u00f3\",\"text_align\":\"center\"}},{\"type\":\"headline\",\"props\":{\"title_element\":\"h1\",\"content\":\"<span>El nostre prop\\u00f2sit \\u00e9s que totes les terres de cultiu de l'illa siguin\\u00a0<\\\/span><span>conreades<\\\/span><span>\\u00a0de manera ecol\\u00f2gica i que tots els residents de l'illa tinguin acc\\u00e9s a aliments saludables i sostenibles.<\\\/span>\",\"text_align\":\"center\",\"margin\":\"xlarge\",\"margin_remove_top\":false,\"title_style\":\"h2\"}}]}]}]},{\"name\":\"Contact\",\"type\":\"section\",\"props\":{\"style\":\"default\",\"width\":\"default\",\"image_position\":\"bottom-right\",\"padding\":\"large\",\"animation\":\"fade\",\"padding_remove_bottom\":false,\"vertical_align\":\"middle\",\"title_position\":\"top-left\",\"title_rotation\":\"left\",\"title_breakpoint\":\"xl\",\"image\":\"wp-content\\\/uploads\\\/2021\\\/10\\\/verduras-1.png\",\"image_width\":\"500\",\"image_effect\":\"parallax\",\"image_parallax_bgy\":\"-360,150\",\"image_parallax_easing\":\"1\"},\"children\":[{\"name\":\"\",\"type\":\"row\",\"props\":{\"layout\":\"1-2,1-2\",\"width\":\"small\",\"divider\":true,\"margin\":\"large\"},\"children\":[{\"name\":\"\",\"type\":\"column\",\"props\":{\"image_position\":\"center-center\",\"media_overlay_gradient\":\"\",\"width_small\":\"1-2\",\"position_sticky_breakpoint\":\"m\"},\"children\":[{\"name\":\"\",\"type\":\"headline\",\"props\":{\"title_element\":\"h3\",\"title_style\":\"h6\",\"title_color\":\"primary\",\"content\":\"<span>Tel\\u00e8fon<\\\/span>\",\"text_align\":\"center\"}},{\"name\":\"\",\"type\":\"text\",\"props\":{\"column_breakpoint\":\"m\",\"margin\":\"default\",\"content\":\"\n\n<p>+34 971 93 21 76<\\\/p>\",\"text_align\":\"center\",\"text_style\":\"large\"}}]},{\"name\":\"\",\"type\":\"column\",\"props\":{\"image_position\":\"center-center\",\"media_overlay_gradient\":\"\",\"width_small\":\"1-2\",\"position_sticky_breakpoint\":\"m\"},\"children\":[{\"name\":\"\",\"type\":\"headline\",\"props\":{\"title_element\":\"h3\",\"title_style\":\"h6\",\"title_color\":\"primary\",\"content\":\"Email\",\"text_align\":\"center\"}},{\"name\":\"\",\"type\":\"text\",\"props\":{\"column_breakpoint\":\"m\",\"margin\":\"default\",\"content\":\"\n\n<p>info@ecofeixes.com<\\\/p>\",\"text_align\":\"center\",\"text_style\":\"large\"}}]}]},{\"name\":\"\",\"type\":\"row\",\"props\":{\"margin\":\"large\"},\"children\":[{\"name\":\"\",\"type\":\"column\",\"props\":{\"image_position\":\"center-center\",\"media_overlay_gradient\":\"\",\"width_medium\":\"1-1\",\"position_sticky_breakpoint\":\"m\"},\"children\":[{\"name\":\"\",\"type\":\"text\",\"props\":{\"column_breakpoint\":\"m\",\"margin\":\"default\",\"content\":\"\n\n<p>Carrer de sa Blanca Dona, 24, 07800 Blanca Dona, Illes Balears<\\\/p>\",\"text_style\":\"lead\",\"text_align\":\"center\",\"maxwidth\":\"medium\",\"block_align\":\"center\"}},{\"name\":\"\",\"type\":\"map\",\"props\":{\"type\":\"roadmap\",\"zoom\":\"16\",\"controls\":true,\"zooming\":false,\"dragging\":false,\"show_title\":true,\"height\":\"435\",\"styler_saturation\":\"-100\",\"styler_lightness\":\"90\",\"styler_gamma\":\"0.3\",\"styler_invert_lightness\":false,\"margin\":\"large\",\"popup_max_width\":\"200\",\"margin_remove_bottom\":false,\"show_meta\":true,\"show_content\":true,\"show_image\":true,\"show_link\":true,\"min_zoom\":0,\"max_zoom\":18,\"title_hover_style\":\"reset\",\"title_element\":\"h3\",\"meta_style\":\"text-meta\",\"meta_align\":\"below-title\",\"meta_element\":\"div\",\"image_svg_color\":\"emphasis\",\"link_text\":\"Read more\",\"link_style\":\"default\",\"poi\":false},\"children\":[{\"name\":\"\",\"type\":\"map_item\",\"props\":{\"location\":\"38.9257,1.4321\",\"title\":\"Ecofeixes\",\"content\":\"\n\n<p>Carrer de sa Blanca Dona, 24, 07800 Blanca Dona, Illes Balears<\\\/p>\"}}]},{\"name\":\"\",\"type\":\"button\",\"props\":{\"margin\":\"\",\"button_size\":\"large\",\"text_align\":\"center\",\"grid_column_gap\":\"\",\"grid_row_gap\":\"\"},\"children\":[{\"name\":\"\",\"type\":\"button_item\",\"props\":{\"button_style\":\"secondary\",\"icon_align\":\"left\",\"content\":\"Segueix-nos a Instagram\",\"link\":\"https:\\\/\\\/www.instagram.com\\\/\",\"icon\":\"instagram\",\"link_target\":\"blank\"}},{\"name\":\"\",\"type\":\"button_item\",\"props\":{\"button_style\":\"default\",\"icon_align\":\"left\",\"content\":\"Segueix-nos a Facebook\",\"link\":\"https:\\\/\\\/www.facebook.com\\\/Ecofeixes\",\"icon\":\"facebook\",\"link_target\":\"blank\"}}]}]}]}]},{\"type\":\"section\",\"props\":{\"style\":\"default\",\"width\":\"xlarge\",\"vertical_align\":\"middle\",\"title_position\":\"top-left\",\"title_rotation\":\"left\",\"title_breakpoint\":\"xl\",\"image_position\":\"center-center\",\"padding_remove_top\":true,\"padding_remove_bottom\":true},\"children\":[{\"type\":\"row\",\"children\":[{\"type\":\"column\",\"props\":{\"position_sticky_breakpoint\":\"m\",\"image_position\":\"center-center\",\"media_overlay_gradient\":\"\"},\"children\":[{\"type\":\"html\",\"props\":{\"content\":\"<script src=\\\"https:\\\/\\\/apps.elfsight.com\\\/p\\\/platform.js\\\" defer><\\\/script>\\n\n\n<div class=\\\"elfsight-app-eda538d3-2bda-4af5-a933-9dac4965dc26\\\"><\\\/div>\"}}]}]}]},{\"type\":\"section\",\"props\":{\"style\":\"default\",\"width\":\"\",\"vertical_align\":\"middle\",\"title_position\":\"top-left\",\"title_rotation\":\"left\",\"title_breakpoint\":\"xl\",\"image_position\":\"center-center\",\"padding\":\"large\",\"padding_remove_top\":false,\"padding_remove_bottom\":false},\"children\":[{\"type\":\"row\",\"props\":{\"column_gap\":\"small\",\"row_gap\":\"small\",\"width\":\"xlarge\",\"padding_remove_horizontal\":true},\"children\":[{\"type\":\"column\",\"props\":{\"image_position\":\"center-center\",\"media_overlay_gradient\":\"\",\"style\":\"secondary\",\"padding\":\"large\",\"width_medium\":\"1-1\",\"position_sticky_breakpoint\":\"m\"},\"children\":[{\"type\":\"grid\",\"props\":{\"show_title\":true,\"show_meta\":true,\"show_content\":true,\"show_image\":true,\"show_link\":true,\"grid_default\":\"1\",\"grid_medium\":\"2\",\"filter_style\":\"tab\",\"filter_all\":true,\"filter_position\":\"top\",\"filter_align\":\"left\",\"filter_grid_width\":\"auto\",\"filter_grid_breakpoint\":\"m\",\"title_hover_style\":\"reset\",\"title_element\":\"h3\",\"title_align\":\"top\",\"title_grid_width\":\"1-2\",\"title_grid_breakpoint\":\"m\",\"meta_style\":\"text-meta\",\"meta_align\":\"below-title\",\"meta_element\":\"div\",\"content_column_breakpoint\":\"m\",\"icon_width\":80,\"image_align\":\"top\",\"image_grid_width\":\"1-2\",\"image_grid_breakpoint\":\"m\",\"image_svg_color\":\"emphasis\",\"link_text\":\"Read more\",\"link_style\":\"default\",\"margin\":\"default\",\"item_animation\":true,\"text_align\":\"center\",\"image_width\":\"120\",\"image_height\":\"120\",\"content_style\":\"text-lead\",\"content_dropcap\":false,\"grid_divider\":true,\"parallax_easing\":\"1\"},\"children\":[{\"type\":\"grid_item\",\"props\":{\"title\":\"M\\u00f2bil\",\"content\":\"\n\n<div class=\\\"traductor-textarea form-group\\\">\\n\n\n<div class=\\\"textarea-desti col-xs-12 col-sm-6\\\">\\n\n\n<div class=\\\"form-control second-textarea\\\">Dilluns a divendres de<span>\\u00a0<\\\/span><span>7h<\\\/span><span>\\u00a0<\\\/span>a<span>\\u00a0<\\\/span><span>15h<\\\/span><span>\\u00a0<\\\/span>i dissabtes de<span>\\u00a0<\\\/span><span>8h<\\\/span><span>\\u00a0<\\\/span>a<span>\\u00a0<\\\/span><span>13h<\\\/span><\\\/div>\\n<\\\/div>\\n<\\\/div>\\n\n\n<div class=\\\"traductor-checkbox form-group\\\">\\n\n\n<div class=\\\"row\\\">\\n\n\n<div class=\\\"col-sm-offset-2 col-sm-5\\\"><\\\/div>\\n<\\\/div>\\n<\\\/div>\",\"image\":\"wp-content\\\/uploads\\\/2021\\\/10\\\/mobile-1.svg\"}},{\"type\":\"grid_item\",\"props\":{\"title\":\"Venda directa\",\"content\":\"\n\n<div class=\\\"traductor-textarea form-group\\\">\\n\n\n<div class=\\\"textarea-desti col-xs-12 col-sm-6\\\">\\n\n\n<div class=\\\"form-control second-textarea\\\">Dimecres de<span>\\u00a0<\\\/span><span>16h<\\\/span><span>\\u00a0<\\\/span>a 20:<span>30h<\\\/span><span>\\u00a0<\\\/span>i dijous de<span>\\u00a0<\\\/span><span>10h<\\\/span><span>\\u00a0<\\\/span>a<span>\\u00a0<\\\/span><span>13h<\\\/span>.<\\\/div>\\n<\\\/div>\\n<\\\/div>\",\"image\":\"wp-content\\\/uploads\\\/2021\\\/10\\\/venta-directa-1.svg\"}}]}]}]}],\"name\":\"About\"}],\"version\":\"3.0.8\"} --><\/p>\n","protected":false},"excerpt":{"rendered":"<p>Ecofeixes La teva cooperativa ecol\u00f2gica a Eivissa Botiga online Ecofeixes\u00a0\u00e9s la cooperativa de productors ecol\u00f2gics d&#8217;Eivissa. Som 14 finques repartides per tota l&#8217;illa que creguem aquest projecte en 2013 per a promoure l&#8217;oferta de producte ecol\u00f2gic local i millorar el seu acc\u00e9s. Estem compromesos al 100% amb la sostenibilitat ambiental i econ\u00f2mica d&#8217;Eivissa. Desenvolupament de [&hellip;]<\/p>\n","protected":false},"author":1,"featured_media":0,"parent":0,"menu_order":0,"comment_status":"closed","ping_status":"closed","template":"","meta":{"footnotes":""},"class_list":["post-604","page","type-page","status-publish","hentry"],"_links":{"self":[{"href":"https:\/\/www.ecofeixes.com\/ca\/wp-json\/wp\/v2\/pages\/604","targetHints":{"allow":["GET"]}}],"collection":[{"href":"https:\/\/www.ecofeixes.com\/ca\/wp-json\/wp\/v2\/pages"}],"about":[{"href":"https:\/\/www.ecofeixes.com\/ca\/wp-json\/wp\/v2\/types\/page"}],"author":[{"embeddable":true,"href":"https:\/\/www.ecofeixes.com\/ca\/wp-json\/wp\/v2\/users\/1"}],"replies":[{"embeddable":true,"href":"https:\/\/www.ecofeixes.com\/ca\/wp-json\/wp\/v2\/comments?post=604"}],"version-history":[{"count":8,"href":"https:\/\/www.ecofeixes.com\/ca\/wp-json\/wp\/v2\/pages\/604\/revisions"}],"predecessor-version":[{"id":663,"href":"https:\/\/www.ecofeixes.com\/ca\/wp-json\/wp\/v2\/pages\/604\/revisions\/663"}],"wp:attachment":[{"href":"https:\/\/www.ecofeixes.com\/ca\/wp-json\/wp\/v2\/media?parent=604"}],"curies":[{"name":"wp","href":"https:\/\/api.w.org\/{rel}","templated":true}]}}